{"id":134,"date":"2012-04-18T00:30:24","date_gmt":"2012-04-17T23:30:24","guid":{"rendered":"http:\/\/kinderarzt-kleinmann.de\/?page_id=134"},"modified":"2018-04-17T07:46:29","modified_gmt":"2018-04-17T06:46:29","slug":"impressum","status":"publish","type":"page","link":"http:\/\/kinderarzt-kleinmann.de\/wordpress\/impressum\/","title":{"rendered":"IMPRESSUM"},"content":{"rendered":"<p>Dr. med. Arne Kleinmann<br \/>\nFacharzt f\u00fcr Kinder- und Jugend-<br \/>\nheilkunde\/Kinderkardiologe<\/p>\n<p>Riedbachstra\u00dfe 12\/1<br \/>\n74385 Pleidelsheim<\/p>\n<p>E-Mail: info[at]kinderarzt-kleinmann.de<br \/>\nTelefon: 07144 23947<\/p>\n<p>&nbsp;<\/p>\n<p><strong>Zust\u00e4ndige Landes\u00e4rztekammer (Aufsichtsbeh\u00f6rde)<\/strong><\/p>\n<p>\u00c4rztekammer Baden-W\u00fcrtemberg<br \/>\nK\u00f6rperschaft des \u00f6ffentlichen Rechts<br \/>\nJahnstra\u00dfe 40<br \/>\n70597 Stuttgart<\/p>\n<p><strong>Kassen\u00e4rztliche Vereinigung Baden-W\u00fcrttemberg<br \/>\n<\/strong>K\u00f6rperschaft des \u00f6ffentlichen Rechts<\/p>\n<p>Albstadtweg 11<br \/>\n70567 Stuttgart<br \/>\nTelefon: 0711\/7875-0<br \/>\nTelefax: 0711\/7875-3274<\/p>\n<p>Berufsbezeichnung:<br \/>\nArzt, verliehen in der Bundesrepublik Deutschland<\/p>\n<p>Berufsrechtliche Regelungen:<\/p>\n<ul>\n<li><a href=\"http:\/\/www.aerztekammer-bw.de\/10aerzte\/40merkblaetter\/20recht\/05kammerrecht\/bo.pdf\">Berufsordnung der \u00c4rztekammer Baden-W\u00fcrttemberg<\/a><\/li>\n<li><a href=\"http:\/\/www.aerztekammer-bw.de\/10aerzte\/40merkblaetter\/20recht\/10gesetze\/kammergesetz.pdf\">Heilberufe-Kammergesetz des Landes BW<\/a><\/li>\n<\/ul>\n<p>&nbsp;<\/p>\n<p>Inhaltlich Verantwortlicher:<br \/>\nDr. med. Arne Kleinmann (Anschrift wie oben)<\/p>\n<p>Design und Theme-Modifizierung:<br \/>\n<a title=\"Werbeagentur und Designagentur MISSING LINK M\u00fcnchen\" href=\"http:\/\/www.the-missinglink.de\">MISSING LINK M\u00fcnchen\u00a0&#8211; Designagentur<\/a><\/p>\n<p>&nbsp;<\/p>\n<h3>Wichtiger Hinweis<\/h3>\n<p>Unser Informationsangebot dient ausschlie\u00dflich Ihrer Information und ersetzt in keinem Fall eine pers\u00f6nliche Beratung, Untersuchung oder Diagnose durch einen approbierten Arzt. Die auf diesen Seiten zur Verf\u00fcgung gestellten Inhalte k\u00f6nnen und d\u00fcrfen nicht zur Erstellung eigenst\u00e4ndiger Diagnosen und\/oder einer Eigenmedikation verwendet werden. Bitte beachten Sie auch den Haftungsausschluss.<\/p>\n<h3><\/h3>\n<h4>Neuer Text bezgl. Datenschutzbestimmungen ab Aug. 2018<\/h4>\n<p>.<\/p>\n<p>.<\/p>\n<p>.<\/p>\n<p>ff.<\/p>\n<p>&nbsp;<\/p>\n","protected":false},"excerpt":{"rendered":"<p>Dr. med. Arne Kleinmann Facharzt f\u00fcr Kinder- und Jugend- heilkunde\/Kinderkardiologe Riedbachstra\u00dfe 12\/1 74385 Pleidelsheim E-Mail: info[at]kinderarzt-kleinmann.de Telefon: 07144 23947 &nbsp; Zust\u00e4ndige Landes\u00e4rztekammer (Aufsichtsbeh\u00f6rde) \u00c4rztekammer Baden-W\u00fcrtemberg K\u00f6rperschaft des \u00f6ffentlichen Rechts Jahnstra\u00dfe 40 70597 Stuttgart Kassen\u00e4rztliche Vereinigung Baden-W\u00fcrttemberg K\u00f6rperschaft des \u00f6ffentlichen Rechts Albstadtweg 11 70567 Stuttgart Telefon: 0711\/7875-0 Telefax: 0711\/7875-3274 Berufsbezeichnung: Arzt, verliehen in der Bundesrepublik Deutschland [&hellip;]<\/p>\n","protected":false},"author":1,"featured_media":0,"parent":0,"menu_order":0,"comment_status":"closed","ping_status":"open","template":"","meta":{"_genesis_hide_title":false,"_genesis_hide_breadcrumbs":false,"_genesis_hide_singular_image":false,"_genesis_hide_footer_widgets":false,"_genesis_custom_body_class":"","_genesis_custom_post_class":"","_genesis_layout":""},"_links":{"self":[{"href":"http:\/\/kinderarzt-kleinmann.de\/wordpress\/wp-json\/wp\/v2\/pages\/134"}],"collection":[{"href":"http:\/\/kinderarzt-kleinmann.de\/wordpress\/wp-json\/wp\/v2\/pages"}],"about":[{"href":"http:\/\/kinderarzt-kleinmann.de\/wordpress\/wp-json\/wp\/v2\/types\/page"}],"author":[{"embeddable":true,"href":"http:\/\/kinderarzt-kleinmann.de\/wordpress\/wp-json\/wp\/v2\/users\/1"}],"replies":[{"embeddable":true,"href":"http:\/\/kinderarzt-kleinmann.de\/wordpress\/wp-json\/wp\/v2\/comments?post=134"}],"version-history":[{"count":14,"href":"http:\/\/kinderarzt-kleinmann.de\/wordpress\/wp-json\/wp\/v2\/pages\/134\/revisions"}],"predecessor-version":[{"id":852,"href":"http:\/\/kinderarzt-kleinmann.de\/wordpress\/wp-json\/wp\/v2\/pages\/134\/revisions\/852"}],"wp:attachment":[{"href":"http:\/\/kinderarzt-kleinmann.de\/wordpress\/wp-json\/wp\/v2\/media?parent=134"}],"curies":[{"name":"wp","href":"https:\/\/api.w.org\/{rel}","templated":true}]}}